{"id":618,"date":"2023-08-18T15:10:29","date_gmt":"2023-08-18T13:10:29","guid":{"rendered":"https:\/\/paris-arthistory.com\/?page_id=618"},"modified":"2025-04-18T19:35:08","modified_gmt":"2025-04-18T17:35:08","slug":"yvesris","status":"publish","type":"page","link":"https:\/\/paris-arthistory.com\/index.php\/yvesris\/","title":{"rendered":"\uc774\ube0c \ud788\uc2a4"},"content":{"rendered":"\n<h2 class=\"wp-block-heading\">\uc774\ube0c \ud788\uc2a4<\/h2>\n\n\n\n<p>L&#8217;\u00e9cole contemporaine lyrique, 55\ub144\uc0dd, \ud504\ub791\uc2a4  (\uc11c\uc815\uc801 \ucd94\uc0c1\ud45c\ud604\uc8fc\uc758 \ud654\uac00)<br>SUPERBE OEUVRE ORIGINALE DU PEINTRE<br>CONTEMPORAIN&nbsp; &nbsp;&nbsp; YVES&nbsp; RIS&nbsp;  n\u00e9 en 1955,<br>AUTODIDACTE , SPONTANE ET FLAMBOYANT,<br>&#8221; artiste dont la po\u00e9sie et la fougue rel\u00e8ve d&#8217;une tr\u00e8s forte personnalit\u00e9 &#8220;<br> ACRYLIQUE SUR TOILE &nbsp;sign\u00e9e<\/p>\n\n\n<style>.kb-row-layout-id618_f35e17-ac > .kt-row-column-wrap{align-content:start;}:where(.kb-row-layout-id618_f35e17-ac > .kt-row-column-wrap) > .wp-block-kadence-column{justify-content:start;}.kb-row-layout-id618_f35e17-ac > .kt-row-column-wrap{column-gap:var(--global-kb-gap-md, 2rem);row-gap:var(--global-kb-gap-md, 2rem);padding-top:var(--global-kb-spacing-xl, 4rem);padding-bottom:var(--global-kb-spacing-sm, 1.5rem);}.kb-row-layout-id618_f35e17-ac > .kt-row-column-wrap > div:not(.added-for-specificity){grid-column:initial;}.kb-row-layout-id618_f35e17-ac > .kt-row-column-wrap{grid-template-columns:repeat(3, minmax(0, 1fr));}.kb-row-layout-id618_f35e17-ac > .kt-row-layout-overlay{opacity:0.30;}@media all and (max-width: 1024px){.kb-row-layout-id618_f35e17-ac > .kt-row-column-wrap > div:not(.added-for-specificity){grid-column:initial;}}@media all and (max-width: 1024px){.kb-row-layout-id618_f35e17-ac > .kt-row-column-wrap{grid-template-columns:repeat(3, minmax(0, 1fr));}}@media all and (max-width: 767px){.kb-row-layout-id618_f35e17-ac > .kt-row-column-wrap > div:not(.added-for-specificity){grid-column:initial;}.kb-row-layout-id618_f35e17-ac > .kt-row-column-wrap{grid-template-columns:minmax(0, 1fr);}}<\/style><div class=\"kb-row-layout-wrap kb-row-layout-id618_f35e17-ac alignnone wp-block-kadence-rowlayout\"><div class=\"kt-row-column-wrap kt-has-3-columns kt-row-layout-equal kt-tab-layout-inherit kt-mobile-layout-row kt-row-valign-top\">\n<style>.kadence-column618_36574a-76 > .kt-inside-inner-col,.kadence-column618_36574a-76 > .kt-inside-inner-col:before{border-top-left-radius:0px;border-top-right-radius:0px;border-bottom-right-radius:0px;border-bottom-left-radius:0px;}.kadence-column618_36574a-76 > .kt-inside-inner-col{column-gap:var(--global-kb-gap-sm, 1rem);}.kadence-column618_36574a-76 > .kt-inside-inner-col{flex-direction:column;}.kadence-column618_36574a-76 > .kt-inside-inner-col > .aligncenter{width:100%;}.kadence-column618_36574a-76 > .kt-inside-inner-col:before{opacity:0.3;}.kadence-column618_36574a-76{position:relative;}@media all and (max-width: 1024px){.kadence-column618_36574a-76 > .kt-inside-inner-col{flex-direction:column;justify-content:center;}}@media all and (max-width: 767px){.kadence-column618_36574a-76 > .kt-inside-inner-col{flex-direction:column;justify-content:center;}}<\/style>\n<div class=\"wp-block-kadence-column kadence-column618_36574a-76\"><div class=\"kt-inside-inner-col\"><style>.kb-image618_e238e3-e7.kb-image-is-ratio-size, .kb-image618_e238e3-e7 .kb-image-is-ratio-size{max-width:329px;width:100%;}.wp-block-kadence-column > .kt-inside-inner-col > .kb-image618_e238e3-e7.kb-image-is-ratio-size, .wp-block-kadence-column > .kt-inside-inner-col > .kb-image618_e238e3-e7 .kb-image-is-ratio-size{align-self:unset;}.kb-image618_e238e3-e7{max-width:329px;}.image-is-svg.kb-image618_e238e3-e7{-webkit-flex:0 1 100%;flex:0 1 100%;}.image-is-svg.kb-image618_e238e3-e7 img{width:100%;}.kb-image618_e238e3-e7 .kb-image-has-overlay:after{opacity:0.3;}<\/style>\n<figure class=\"wp-block-kadence-image kb-image618_e238e3-e7 size-large\"><img loading=\"lazy\" decoding=\"async\" width=\"1024\" height=\"840\" src=\"http:\/\/paris-arthistory.com\/wp-content\/uploads\/2023\/08\/20230819_143712-scaled-e1693151871572-1024x840.jpeg\" alt=\"\" class=\"kb-img wp-image-671\" srcset=\"https:\/\/paris-arthistory.com\/wp-content\/uploads\/2023\/08\/20230819_143712-scaled-e1693151871572-1024x840.jpeg 1024w, https:\/\/paris-arthistory.com\/wp-content\/uploads\/2023\/08\/20230819_143712-scaled-e1693151871572-300x246.jpeg 300w, https:\/\/paris-arthistory.com\/wp-content\/uploads\/2023\/08\/20230819_143712-scaled-e1693151871572-768x630.jpeg 768w, https:\/\/paris-arthistory.com\/wp-content\/uploads\/2023\/08\/20230819_143712-scaled-e1693151871572.jpeg 1467w\" sizes=\"auto, (max-width: 1024px) 100vw, 1024px\" \/><\/figure>\n<\/div><\/div>\n\n\n<style>.kadence-column618_e3b1ac-a6 > .kt-inside-inner-col,.kadence-column618_e3b1ac-a6 > .kt-inside-inner-col:before{border-top-left-radius:0px;border-top-right-radius:0px;border-bottom-right-radius:0px;border-bottom-left-radius:0px;}.kadence-column618_e3b1ac-a6 > .kt-inside-inner-col{column-gap:var(--global-kb-gap-sm, 1rem);}.kadence-column618_e3b1ac-a6 > .kt-inside-inner-col{flex-direction:column;}.kadence-column618_e3b1ac-a6 > .kt-inside-inner-col > .aligncenter{width:100%;}.kadence-column618_e3b1ac-a6 > .kt-inside-inner-col:before{opacity:0.3;}.kadence-column618_e3b1ac-a6{position:relative;}@media all and (max-width: 1024px){.kadence-column618_e3b1ac-a6 > .kt-inside-inner-col{flex-direction:column;justify-content:center;}}@media all and (max-width: 767px){.kadence-column618_e3b1ac-a6 > .kt-inside-inner-col{flex-direction:column;justify-content:center;}}<\/style>\n<div class=\"wp-block-kadence-column kadence-column618_e3b1ac-a6\"><div class=\"kt-inside-inner-col\"><style>.wp-block-kadence-image.kb-image618_fde0ff-2e:not(.kb-specificity-added):not(.kb-extra-specificity-added){margin-right:0px;}.kb-image618_fde0ff-2e:not(.kb-image-is-ratio-size) .kb-img, .kb-image618_fde0ff-2e.kb-image-is-ratio-size{padding-right:0px;}.kb-image618_fde0ff-2e .kb-image-has-overlay:after{opacity:0.3;}<\/style>\n<figure class=\"wp-block-kadence-image kb-image618_fde0ff-2e size-large\"><img loading=\"lazy\" decoding=\"async\" width=\"1024\" height=\"735\" src=\"http:\/\/paris-arthistory.com\/wp-content\/uploads\/2023\/08\/20230815_180440-scaled-e1692366142852-1024x735.jpg\" alt=\"\" class=\"kb-img wp-image-615\" srcset=\"https:\/\/paris-arthistory.com\/wp-content\/uploads\/2023\/08\/20230815_180440-scaled-e1692366142852-1024x735.jpg 1024w, https:\/\/paris-arthistory.com\/wp-content\/uploads\/2023\/08\/20230815_180440-scaled-e1692366142852-300x215.jpg 300w, https:\/\/paris-arthistory.com\/wp-content\/uploads\/2023\/08\/20230815_180440-scaled-e1692366142852-768x552.jpg 768w, https:\/\/paris-arthistory.com\/wp-content\/uploads\/2023\/08\/20230815_180440-scaled-e1692366142852-1536x1103.jpg 1536w, https:\/\/paris-arthistory.com\/wp-content\/uploads\/2023\/08\/20230815_180440-scaled-e1692366142852.jpg 1728w\" sizes=\"auto, (max-width: 1024px) 100vw, 1024px\" \/><\/figure>\n<\/div><\/div>\n\n\n<style>.kadence-column618_c75fbb-ce > .kt-inside-inner-col,.kadence-column618_c75fbb-ce > .kt-inside-inner-col:before{border-top-left-radius:0px;border-top-right-radius:0px;border-bottom-right-radius:0px;border-bottom-left-radius:0px;}.kadence-column618_c75fbb-ce > .kt-inside-inner-col{column-gap:var(--global-kb-gap-sm, 1rem);}.kadence-column618_c75fbb-ce > .kt-inside-inner-col{flex-direction:column;}.kadence-column618_c75fbb-ce > .kt-inside-inner-col > .aligncenter{width:100%;}.kadence-column618_c75fbb-ce > .kt-inside-inner-col:before{opacity:0.3;}.kadence-column618_c75fbb-ce{position:relative;}@media all and (max-width: 1024px){.kadence-column618_c75fbb-ce > .kt-inside-inner-col{flex-direction:column;justify-content:center;}}@media all and (max-width: 767px){.kadence-column618_c75fbb-ce > .kt-inside-inner-col{flex-direction:column;justify-content:center;}}<\/style>\n<div class=\"wp-block-kadence-column kadence-column618_c75fbb-ce\"><div class=\"kt-inside-inner-col\"><style>.wp-block-kadence-image.kb-image618_d2067d-5f:not(.kb-specificity-added):not(.kb-extra-specificity-added){margin-left:var(--global-kb-spacing-lg, 3rem);}.kb-image618_d2067d-5f.kb-image-is-ratio-size, .kb-image618_d2067d-5f .kb-image-is-ratio-size{max-width:331px;width:100%;}.wp-block-kadence-column > .kt-inside-inner-col > .kb-image618_d2067d-5f.kb-image-is-ratio-size, .wp-block-kadence-column > .kt-inside-inner-col > .kb-image618_d2067d-5f .kb-image-is-ratio-size{align-self:unset;}.kb-image618_d2067d-5f{max-width:331px;}.image-is-svg.kb-image618_d2067d-5f{-webkit-flex:0 1 100%;flex:0 1 100%;}.image-is-svg.kb-image618_d2067d-5f img{width:100%;}.kb-image618_d2067d-5f .kb-image-has-overlay:after{opacity:0.3;}<\/style>\n<figure class=\"wp-block-kadence-image kb-image618_d2067d-5f size-large\"><img loading=\"lazy\" decoding=\"async\" width=\"1024\" height=\"838\" src=\"http:\/\/paris-arthistory.com\/wp-content\/uploads\/2023\/08\/IMG_20230820_153328_252-1024x838.jpg\" alt=\"\" class=\"kb-img wp-image-669\" srcset=\"https:\/\/paris-arthistory.com\/wp-content\/uploads\/2023\/08\/IMG_20230820_153328_252-1024x838.jpg 1024w, https:\/\/paris-arthistory.com\/wp-content\/uploads\/2023\/08\/IMG_20230820_153328_252-300x246.jpg 300w, https:\/\/paris-arthistory.com\/wp-content\/uploads\/2023\/08\/IMG_20230820_153328_252-768x629.jpg 768w, https:\/\/paris-arthistory.com\/wp-content\/uploads\/2023\/08\/IMG_20230820_153328_252-1536x1258.jpg 1536w, https:\/\/paris-arthistory.com\/wp-content\/uploads\/2023\/08\/IMG_20230820_153328_252-2048x1677.jpg 2048w\" sizes=\"auto, (max-width: 1024px) 100vw, 1024px\" \/><\/figure>\n<\/div><\/div>\n\n<\/div><\/div>\n\n<style>.wp-block-kadence-image.kb-image618_a77e1b-31:not(.kb-specificity-added):not(.kb-extra-specificity-added) > figure{margin-top:20px;margin-left:0px;}.kb-image618_a77e1b-31.kb-image-is-ratio-size, .kb-image618_a77e1b-31 .kb-image-is-ratio-size{max-width:330px;width:100%;}.wp-block-kadence-column > .kt-inside-inner-col > .kb-image618_a77e1b-31.kb-image-is-ratio-size, .wp-block-kadence-column > .kt-inside-inner-col > .kb-image618_a77e1b-31 .kb-image-is-ratio-size{align-self:unset;}.kb-image618_a77e1b-31 figure{max-width:330px;}.kb-image618_a77e1b-31 .image-is-svg, .kb-image618_a77e1b-31 .image-is-svg img{width:100%;}.kb-image618_a77e1b-31:not(.kb-image-is-ratio-size) .kb-img, .kb-image618_a77e1b-31.kb-image-is-ratio-size{padding-left:0px;}.kb-image618_a77e1b-31 .kb-image-has-overlay:after{opacity:0.3;}<\/style>\n<div class=\"wp-block-kadence-image kb-image618_a77e1b-31\"><figure class=\"alignleft size-large\"><img loading=\"lazy\" decoding=\"async\" width=\"1024\" height=\"747\" src=\"http:\/\/paris-arthistory.com\/wp-content\/uploads\/2023\/08\/20230731_181256-scaled-e1692367102880-1024x747.jpg\" alt=\"\" class=\"kb-img wp-image-595\" srcset=\"https:\/\/paris-arthistory.com\/wp-content\/uploads\/2023\/08\/20230731_181256-scaled-e1692367102880-1024x747.jpg 1024w, https:\/\/paris-arthistory.com\/wp-content\/uploads\/2023\/08\/20230731_181256-scaled-e1692367102880-300x219.jpg 300w, https:\/\/paris-arthistory.com\/wp-content\/uploads\/2023\/08\/20230731_181256-scaled-e1692367102880-768x561.jpg 768w, https:\/\/paris-arthistory.com\/wp-content\/uploads\/2023\/08\/20230731_181256-scaled-e1692367102880.jpg 1403w\" sizes=\"auto, (max-width: 1024px) 100vw, 1024px\" \/><\/figure><\/div>\n","protected":false},"excerpt":{"rendered":"<p>\uc774\ube0c \ud788\uc2a4 L&#8217;\u00e9cole contemporaine lyrique, 55\ub144\uc0dd, \ud504\ub791\uc2a4 (\uc11c\uc815\uc801 \ucd94\uc0c1\ud45c\ud604\uc8fc\uc758 \ud654\uac00)SUPERBE OEUVRE ORIGINALE DU PEINTRECONTEMPORAIN&nbsp; &nbsp;&nbsp; YVES&nbsp; RIS&nbsp; n\u00e9 en 1955,AUTODIDACTE , SPONTANE ET FLAMBOYANT,&#8221; artiste dont la po\u00e9sie et la fougue rel\u00e8ve d&#8217;une tr\u00e8s forte personnalit\u00e9 &#8220; ACRYLIQUE SUR TOILE &nbsp;sign\u00e9e<\/p>\n","protected":false},"author":1,"featured_media":0,"parent":0,"menu_order":0,"comment_status":"closed","ping_status":"closed","template":"","meta":{"_kadence_starter_templates_imported_post":false,"_kad_post_transparent":"disable","_kad_post_title":"hide","_kad_post_layout":"","_kad_post_sidebar_id":"","_kad_post_content_style":"","_kad_post_vertical_padding":"","_kad_post_feature":"","_kad_post_feature_position":"","_kad_post_header":false,"_kad_post_footer":false,"_kad_post_classname":"","footnotes":""},"class_list":["post-618","page","type-page","status-publish","hentry"],"yoast_head":"<!-- This site is optimized with the Yoast SEO plugin v27.4 - https:\/\/yoast.com\/product\/yoast-seo-wordpress\/ -->\n<title>\uc774\ube0c \ud788\uc2a4 - paris-arthistory.com<\/title>\n<meta name=\"robots\" content=\"index, follow, max-snippet:-1, max-image-preview:large, max-video-preview:-1\" \/>\n<link rel=\"canonical\" href=\"https:\/\/paris-arthistory.com\/index.php\/yvesris\/\" \/>\n<meta property=\"og:locale\" content=\"en_US\" \/>\n<meta property=\"og:type\" content=\"article\" \/>\n<meta property=\"og:title\" content=\"\uc774\ube0c \ud788\uc2a4 - paris-arthistory.com\" \/>\n<meta property=\"og:description\" content=\"\uc774\ube0c \ud788\uc2a4 L&#8217;\u00e9cole contemporaine lyrique, 55\ub144\uc0dd, \ud504\ub791\uc2a4 (\uc11c\uc815\uc801 \ucd94\uc0c1\ud45c\ud604\uc8fc\uc758 \ud654\uac00)SUPERBE OEUVRE ORIGINALE DU PEINTRECONTEMPORAIN&nbsp; &nbsp;&nbsp; YVES&nbsp; RIS&nbsp; n\u00e9 en 1955,AUTODIDACTE , SPONTANE ET FLAMBOYANT,&#8221; artiste dont la po\u00e9sie et la fougue rel\u00e8ve d&#8217;une tr\u00e8s forte personnalit\u00e9 &#8220; ACRYLIQUE SUR TOILE &nbsp;sign\u00e9e\" \/>\n<meta property=\"og:url\" content=\"https:\/\/paris-arthistory.com\/index.php\/yvesris\/\" \/>\n<meta property=\"og:site_name\" content=\"paris-arthistory.com\" \/>\n<meta property=\"article:modified_time\" content=\"2025-04-18T17:35:08+00:00\" \/>\n<meta property=\"og:image\" content=\"https:\/\/paris-arthistory.com\/wp-content\/uploads\/2023\/08\/20230819_143712-scaled-e1693151871572.jpeg\" \/>\n\t<meta property=\"og:image:width\" content=\"1467\" \/>\n\t<meta property=\"og:image:height\" content=\"1203\" \/>\n\t<meta property=\"og:image:type\" content=\"image\/jpeg\" \/>\n<meta name=\"twitter:card\" content=\"summary_large_image\" \/>\n<meta name=\"twitter:label1\" content=\"Est. reading time\" \/>\n\t<meta name=\"twitter:data1\" content=\"2 minutes\" \/>\n<script type=\"application\/ld+json\" class=\"yoast-schema-graph\">{\"@context\":\"https:\\\/\\\/schema.org\",\"@graph\":[{\"@type\":\"WebPage\",\"@id\":\"https:\\\/\\\/paris-arthistory.com\\\/index.php\\\/yvesris\\\/\",\"url\":\"https:\\\/\\\/paris-arthistory.com\\\/index.php\\\/yvesris\\\/\",\"name\":\"\uc774\ube0c \ud788\uc2a4 - paris-arthistory.com\",\"isPartOf\":{\"@id\":\"https:\\\/\\\/paris-arthistory.com\\\/#website\"},\"primaryImageOfPage\":{\"@id\":\"https:\\\/\\\/paris-arthistory.com\\\/index.php\\\/yvesris\\\/#primaryimage\"},\"image\":{\"@id\":\"https:\\\/\\\/paris-arthistory.com\\\/index.php\\\/yvesris\\\/#primaryimage\"},\"thumbnailUrl\":\"http:\\\/\\\/paris-arthistory.com\\\/wp-content\\\/uploads\\\/2023\\\/08\\\/20230819_143712-scaled-e1693151871572-1024x840.jpeg\",\"datePublished\":\"2023-08-18T13:10:29+00:00\",\"dateModified\":\"2025-04-18T17:35:08+00:00\",\"breadcrumb\":{\"@id\":\"https:\\\/\\\/paris-arthistory.com\\\/index.php\\\/yvesris\\\/#breadcrumb\"},\"inLanguage\":\"en-US\",\"potentialAction\":[{\"@type\":\"ReadAction\",\"target\":[\"https:\\\/\\\/paris-arthistory.com\\\/index.php\\\/yvesris\\\/\"]}]},{\"@type\":\"ImageObject\",\"inLanguage\":\"en-US\",\"@id\":\"https:\\\/\\\/paris-arthistory.com\\\/index.php\\\/yvesris\\\/#primaryimage\",\"url\":\"http:\\\/\\\/paris-arthistory.com\\\/wp-content\\\/uploads\\\/2023\\\/08\\\/20230819_143712-scaled-e1693151871572-1024x840.jpeg\",\"contentUrl\":\"http:\\\/\\\/paris-arthistory.com\\\/wp-content\\\/uploads\\\/2023\\\/08\\\/20230819_143712-scaled-e1693151871572-1024x840.jpeg\"},{\"@type\":\"BreadcrumbList\",\"@id\":\"https:\\\/\\\/paris-arthistory.com\\\/index.php\\\/yvesris\\\/#breadcrumb\",\"itemListElement\":[{\"@type\":\"ListItem\",\"position\":1,\"name\":\"Accueil\",\"item\":\"https:\\\/\\\/paris-arthistory.com\\\/\"},{\"@type\":\"ListItem\",\"position\":2,\"name\":\"\uc774\ube0c \ud788\uc2a4\"}]},{\"@type\":\"WebSite\",\"@id\":\"https:\\\/\\\/paris-arthistory.com\\\/#website\",\"url\":\"https:\\\/\\\/paris-arthistory.com\\\/\",\"name\":\"paris-arthistory.com\",\"description\":\"\",\"potentialAction\":[{\"@type\":\"SearchAction\",\"target\":{\"@type\":\"EntryPoint\",\"urlTemplate\":\"https:\\\/\\\/paris-arthistory.com\\\/?s={search_term_string}\"},\"query-input\":{\"@type\":\"PropertyValueSpecification\",\"valueRequired\":true,\"valueName\":\"search_term_string\"}}],\"inLanguage\":\"en-US\"}]}<\/script>\n<!-- \/ Yoast SEO plugin. -->","yoast_head_json":{"title":"\uc774\ube0c \ud788\uc2a4 - paris-arthistory.com","robots":{"index":"index","follow":"follow","max-snippet":"max-snippet:-1","max-image-preview":"max-image-preview:large","max-video-preview":"max-video-preview:-1"},"canonical":"https:\/\/paris-arthistory.com\/index.php\/yvesris\/","og_locale":"en_US","og_type":"article","og_title":"\uc774\ube0c \ud788\uc2a4 - paris-arthistory.com","og_description":"\uc774\ube0c \ud788\uc2a4 L&#8217;\u00e9cole contemporaine lyrique, 55\ub144\uc0dd, \ud504\ub791\uc2a4 (\uc11c\uc815\uc801 \ucd94\uc0c1\ud45c\ud604\uc8fc\uc758 \ud654\uac00)SUPERBE OEUVRE ORIGINALE DU PEINTRECONTEMPORAIN&nbsp; &nbsp;&nbsp; YVES&nbsp; RIS&nbsp; n\u00e9 en 1955,AUTODIDACTE , SPONTANE ET FLAMBOYANT,&#8221; artiste dont la po\u00e9sie et la fougue rel\u00e8ve d&#8217;une tr\u00e8s forte personnalit\u00e9 &#8220; ACRYLIQUE SUR TOILE &nbsp;sign\u00e9e","og_url":"https:\/\/paris-arthistory.com\/index.php\/yvesris\/","og_site_name":"paris-arthistory.com","article_modified_time":"2025-04-18T17:35:08+00:00","og_image":[{"width":1467,"height":1203,"url":"https:\/\/paris-arthistory.com\/wp-content\/uploads\/2023\/08\/20230819_143712-scaled-e1693151871572.jpeg","type":"image\/jpeg"}],"twitter_card":"summary_large_image","twitter_misc":{"Est. reading time":"2 minutes"},"schema":{"@context":"https:\/\/schema.org","@graph":[{"@type":"WebPage","@id":"https:\/\/paris-arthistory.com\/index.php\/yvesris\/","url":"https:\/\/paris-arthistory.com\/index.php\/yvesris\/","name":"\uc774\ube0c \ud788\uc2a4 - paris-arthistory.com","isPartOf":{"@id":"https:\/\/paris-arthistory.com\/#website"},"primaryImageOfPage":{"@id":"https:\/\/paris-arthistory.com\/index.php\/yvesris\/#primaryimage"},"image":{"@id":"https:\/\/paris-arthistory.com\/index.php\/yvesris\/#primaryimage"},"thumbnailUrl":"http:\/\/paris-arthistory.com\/wp-content\/uploads\/2023\/08\/20230819_143712-scaled-e1693151871572-1024x840.jpeg","datePublished":"2023-08-18T13:10:29+00:00","dateModified":"2025-04-18T17:35:08+00:00","breadcrumb":{"@id":"https:\/\/paris-arthistory.com\/index.php\/yvesris\/#breadcrumb"},"inLanguage":"en-US","potentialAction":[{"@type":"ReadAction","target":["https:\/\/paris-arthistory.com\/index.php\/yvesris\/"]}]},{"@type":"ImageObject","inLanguage":"en-US","@id":"https:\/\/paris-arthistory.com\/index.php\/yvesris\/#primaryimage","url":"http:\/\/paris-arthistory.com\/wp-content\/uploads\/2023\/08\/20230819_143712-scaled-e1693151871572-1024x840.jpeg","contentUrl":"http:\/\/paris-arthistory.com\/wp-content\/uploads\/2023\/08\/20230819_143712-scaled-e1693151871572-1024x840.jpeg"},{"@type":"BreadcrumbList","@id":"https:\/\/paris-arthistory.com\/index.php\/yvesris\/#breadcrumb","itemListElement":[{"@type":"ListItem","position":1,"name":"Accueil","item":"https:\/\/paris-arthistory.com\/"},{"@type":"ListItem","position":2,"name":"\uc774\ube0c \ud788\uc2a4"}]},{"@type":"WebSite","@id":"https:\/\/paris-arthistory.com\/#website","url":"https:\/\/paris-arthistory.com\/","name":"paris-arthistory.com","description":"","potentialAction":[{"@type":"SearchAction","target":{"@type":"EntryPoint","urlTemplate":"https:\/\/paris-arthistory.com\/?s={search_term_string}"},"query-input":{"@type":"PropertyValueSpecification","valueRequired":true,"valueName":"search_term_string"}}],"inLanguage":"en-US"}]}},"_links":{"self":[{"href":"https:\/\/paris-arthistory.com\/index.php\/wp-json\/wp\/v2\/pages\/618","targetHints":{"allow":["GET"]}}],"collection":[{"href":"https:\/\/paris-arthistory.com\/index.php\/wp-json\/wp\/v2\/pages"}],"about":[{"href":"https:\/\/paris-arthistory.com\/index.php\/wp-json\/wp\/v2\/types\/page"}],"author":[{"embeddable":true,"href":"https:\/\/paris-arthistory.com\/index.php\/wp-json\/wp\/v2\/users\/1"}],"replies":[{"embeddable":true,"href":"https:\/\/paris-arthistory.com\/index.php\/wp-json\/wp\/v2\/comments?post=618"}],"version-history":[{"count":52,"href":"https:\/\/paris-arthistory.com\/index.php\/wp-json\/wp\/v2\/pages\/618\/revisions"}],"predecessor-version":[{"id":1061,"href":"https:\/\/paris-arthistory.com\/index.php\/wp-json\/wp\/v2\/pages\/618\/revisions\/1061"}],"wp:attachment":[{"href":"https:\/\/paris-arthistory.com\/index.php\/wp-json\/wp\/v2\/media?parent=618"}],"curies":[{"name":"wp","href":"https:\/\/api.w.org\/{rel}","templated":true}]}}